{"id":1390,"date":"2022-04-21T11:26:01","date_gmt":"2022-04-21T11:26:01","guid":{"rendered":"https:\/\/home.escuelappadres.com\/index.php\/home\/"},"modified":"2025-09-11T19:32:19","modified_gmt":"2025-09-11T19:32:19","slug":"home","status":"publish","type":"page","link":"https:\/\/home.escuelappadres.com\/","title":{"rendered":"Home"},"content":{"rendered":"\n<div class=\"wp-block-uagb-container uagb-block-64e0af8e alignfull uagb-is-root-container\"><div class=\"uagb-container-inner-blocks-wrap\">\n<div class=\"wp-block-uagb-container uagb-block-e86b760c\">\n<div class=\"wp-block-uagb-info-box uagb-block-68c6e07c uagb-infobox__content-wrap  uagb-infobox-icon-above-title uagb-infobox-image-valign-top\"><div class=\"uagb-ifb-content\"><div class=\"uagb-ifb-title-wrap\"><span class=\"uagb-ifb-title-prefix\">JUEGA CON ELLOS Y APRENDE CON ELLOS.<\/span><h1 class=\"uagb-ifb-title\">Super escuela de padres.<\/h1><\/div><p class=\"uagb-ifb-desc\">Porque no se trata solo de saber teor\u00edas, sino de poderlas llevar a la pr\u00e1ctica y ver los resultados.<\/p><\/div><\/div>\n\n\n\n<div class=\"wp-block-uagb-container uagb-block-d467fab0\">\n<div class=\"wp-block-uagb-container uagb-block-67742894\">\n<div class=\"wp-block-uagb-star-rating uagb-block-698982ac\"><div class=\"uag-star-rating\" title=\"5\/5\"><span class=\"uag-star\">\u2605<\/span><span class=\"uag-star\">\u2605<\/span><span class=\"uag-star\">\u2605<\/span><span class=\"uag-star\">\u2605<\/span><span class=\"uag-star\">\u2605<\/span><\/div><\/div>\n\n\n\n<div class=\"wp-block-uagb-advanced-heading uagb-block-3913c42d\"><p class=\"uagb-heading-text\">4.8 rating on Google<\/p><\/div>\n<\/div>\n\n\n\n<p><a href=\"https:\/\/home.escuelappadres.com\/index.php\/contact\/\" data-type=\"page\" data-id=\"1399\">CONT\u00c1CTANOS<\/a><\/p>\n<\/div>\n\n\n\n<p>Si ya eres parte de nuestra comunidad <a href=\"http:\/\/escuelappadres.com\">INGRESA AQU\u00cd<\/a><\/p>\n<\/div>\n\n\n\n<div class=\"wp-block-uagb-container uagb-block-b9ed9084\">\n<div class=\"wp-block-uagb-image alignright uagb-block-9eb58949 wp-block-uagb-image--layout-default wp-block-uagb-image--effect-static wp-block-uagb-image--align-right\"><figure class=\"wp-block-uagb-image__figure\"><img decoding=\"async\" srcset=\"https:\/\/home.escuelappadres.com\/wp-content\/uploads\/2024\/06\/downloadedImage-4.png ,https:\/\/home.escuelappadres.com\/wp-content\/uploads\/2024\/06\/downloadedImage-4.png 780w, https:\/\/home.escuelappadres.com\/wp-content\/uploads\/2024\/06\/downloadedImage-4.png 360w\" sizes=\"auto, (max-width: 480px) 150px\" src=\"https:\/\/home.escuelappadres.com\/wp-content\/uploads\/2024\/06\/downloadedImage-4.png\" alt=\"\" class=\"uag-image-2693\" width=\"595\" height=\"588\" title=\"\" loading=\"lazy\" role=\"img\"\/><\/figure><\/div>\n<\/div>\n<\/div><\/div>\n\n\n\n<div class=\"wp-block-uagb-container uagb-block-1900f246 alignfull uagb-is-root-container\"><div class=\"uagb-container-inner-blocks-wrap\">\n<div class=\"wp-block-uagb-container uagb-block-836936eb\">\n<div class=\"wp-block-uagb-image uagb-block-3668508b wp-block-uagb-image--layout-default wp-block-uagb-image--effect-static wp-block-uagb-image--align-none\"><figure class=\"wp-block-uagb-image__figure\"><img decoding=\"async\" srcset=\"https:\/\/home.escuelappadres.com\/wp-content\/uploads\/2024\/06\/downloadedImage-5.png ,https:\/\/home.escuelappadres.com\/wp-content\/uploads\/2024\/06\/downloadedImage-5.png 780w, https:\/\/home.escuelappadres.com\/wp-content\/uploads\/2024\/06\/downloadedImage-5.png 360w\" sizes=\"auto, (max-width: 480px) 150px\" src=\"https:\/\/home.escuelappadres.com\/wp-content\/uploads\/2024\/06\/downloadedImage-5.png\" alt=\"\" class=\"uag-image-2695\" width=\"600\" height=\"600\" title=\"\" loading=\"lazy\" role=\"img\"\/><\/figure><\/div>\n<\/div>\n\n\n\n<div class=\"wp-block-uagb-container uagb-block-a18d71e3\">\n<div class=\"wp-block-group is-layout-constrained wp-block-group-is-layout-constrained\">\n<p>\u00bfQui\u00e9nes somos?<\/p>\n\n\n\n<h2 class=\"wp-block-heading\"><mark style=\"background-color:rgba(0, 0, 0, 0)\" class=\"has-inline-color has-ast-global-color-0-color\">Nos importa ayudar a otros padres<\/mark><\/h2>\n<\/div>\n\n\n\n<p>Nuestros cursos van enfocados a pap\u00e1s que no tienen el tiempo de dise\u00f1ar actividades con sus hijos que integren los saberes que muchos de ellos han adquirido a trav\u00e9s de lecturas, conferencias, etc. Pero que es dif\u00edcil aterrizar a algo tangible como un momento de convivencia con prop\u00f3sito de crianza.<\/p>\n\n\n\n<p><a href=\"https:\/\/home.escuelappadres.com\/index.php\/about\/\" data-type=\"page\" data-id=\"1393\">M\u00c1S SOBRE QUI\u00c9NES SOMOS<\/a><\/p>\n<\/div>\n<\/div><\/div>\n\n\n\n<div class=\"wp-block-uagb-container uagb-block-d55e5c21 alignfull uagb-is-root-container\"><div class=\"uagb-container-inner-blocks-wrap\">\n<div class=\"wp-block-uagb-container uagb-block-89fe9ab9\">\n<div class=\"wp-block-uagb-image alignleft uagb-block-05c5d1f4 wp-block-uagb-image--layout-default wp-block-uagb-image--effect-static wp-block-uagb-image--align-left\"><figure class=\"wp-block-uagb-image__figure\"><img decoding=\"async\" srcset=\"https:\/\/home.escuelappadres.com\/wp-content\/uploads\/2024\/06\/downloadedImage-8.png ,https:\/\/home.escuelappadres.com\/wp-content\/uploads\/2024\/06\/downloadedImage-8.png 780w, https:\/\/home.escuelappadres.com\/wp-content\/uploads\/2024\/06\/downloadedImage-8.png 360w\" sizes=\"auto, (max-width: 480px) 150px\" src=\"https:\/\/home.escuelappadres.com\/wp-content\/uploads\/2024\/06\/downloadedImage-8.png\" alt=\"\" class=\"uag-image-2696\" width=\"320\" height=\"440\" title=\"\" loading=\"lazy\" role=\"img\"\/><\/figure><\/div>\n<\/div>\n\n\n\n<div class=\"wp-block-uagb-container uagb-block-0002cd5e\">\n<div class=\"wp-block-uagb-info-box uagb-block-802a78d5 uagb-infobox__content-wrap  uagb-infobox-icon-above-title uagb-infobox-image-valign-top\"><div class=\"uagb-ifb-content\"><div class=\"uagb-ifb-icon-wrap\"><svg xmlns=\"https:\/\/www.w3.org\/2000\/svg\" viewBox=\"0 0 448 512\"><path d=\"M96 224C84.72 224 74.05 226.3 64 229.9V224c0-35.3 28.7-64 64-64c17.67 0 32-14.33 32-32S145.7 96 128 96C57.42 96 0 153.4 0 224v96c0 53.02 42.98 96 96 96s96-42.98 96-96S149 224 96 224zM352 224c-11.28 0-21.95 2.305-32 5.879V224c0-35.3 28.7-64 64-64c17.67 0 32-14.33 32-32s-14.33-32-32-32c-70.58 0-128 57.42-128 128v96c0 53.02 42.98 96 96 96s96-42.98 96-96S405 224 352 224z\"><\/path><\/svg><\/div><div class=\"uagb-ifb-title-wrap\"><p class=\"uagb-ifb-title\">Como padres asumimos los desaf\u00edos de crianza, al usar nuestros talentos para ayudar a otros padres asumimos nuestra misi\u00f3n.<\/p><\/div><\/div><\/div>\n<\/div>\n<\/div><\/div>\n\n\n\n<div class=\"wp-block-uagb-container uagb-block-c14af0c7 alignfull uagb-is-root-container\"><div class=\"uagb-container-inner-blocks-wrap\">\n<div class=\"wp-block-uagb-container uagb-block-85f584b0\">\n<div class=\"wp-block-uagb-advanced-heading uagb-block-af6c7996\"><p class=\"uagb-desc-text\">nUESTROS SERVICIOS<\/p><h2 class=\"uagb-heading-text\">Cursos apropiados para cada edad.<\/h2><\/div>\n\n\n\n<div class=\"wp-block-uagb-container uagb-block-41c3ba05\">\n<p>Nuestro dise\u00f1o de cursos por competencias tienen  una estructura b\u00e1sica que inicia desde un digan\u00f3stico de los pilares de desarrollo humano y te lleva a trav\u00e9s de actividades semanales a conocer m\u00e1s sobre el desarrollo de tu peque\u00f1o, pero adem\u00e1s te propone actividades o retos para que compartas tiempo de calidad y crees no solo nuevas habilidades para \u00e9l, sino una serie de experiencias que fortalezcan el v\u00ednculo entre los padres o cuidadores y el infante.<\/p>\n\n\n\n<figure class=\"wp-block-image size-full is-style-rounded\"><img loading=\"lazy\" decoding=\"async\" width=\"512\" height=\"512\" src=\"https:\/\/home.escuelappadres.com\/wp-content\/uploads\/2024\/06\/downloadedImage-12.png\" alt=\"\" class=\"wp-image-2699\" srcset=\"https:\/\/home.escuelappadres.com\/wp-content\/uploads\/2024\/06\/downloadedImage-12.png 512w, https:\/\/home.escuelappadres.com\/wp-content\/uploads\/2024\/06\/downloadedImage-12-300x300.png 300w, https:\/\/home.escuelappadres.com\/wp-content\/uploads\/2024\/06\/downloadedImage-12-150x150.png 150w\" sizes=\"auto, (max-width: 512px) 100vw, 512px\" \/><\/figure>\n<\/div>\n<\/div>\n\n\n\n<p><a href=\"https:\/\/home.escuelappadres.com\/index.php\/program\/\" data-type=\"page\" data-id=\"1395\">M\u00c1S SOBRE NUESTRO MODELO<\/a><\/p>\n<\/div><\/div>\n\n\n\n<div class=\"wp-block-uagb-container uagb-block-5806a0f2 alignfull uagb-is-root-container\"><div class=\"uagb-container-inner-blocks-wrap\">\n<div class=\"wp-block-uagb-advanced-heading uagb-block-53690b69\"><p class=\"uagb-desc-text\">Nuestros creadores<\/p><h2 class=\"uagb-heading-text\">Personas con prop\u00f3sito<\/h2><\/div>\n\n\n\n<div class=\"wp-block-uagb-container uagb-block-4fab60aa\">\n<div class=\"wp-block-group is-layout-constrained wp-block-group-is-layout-constrained\">\n<figure class=\"wp-block-image size-large\"><img decoding=\"async\" src=\"https:\/\/home.escuelappadres.com\/wp-content\/uploads\/2024\/02\/Foto-de-Marina-2-912x1024.jpg\" alt=\"\"\/><\/figure>\n\n\n\n<h5 class=\"wp-block-heading\">Marina G\u00f3mez<\/h5>\n\n\n\n<p>Fundadora y desarrollo creativo<\/p>\n<\/div>\n\n\n\n<div class=\"wp-block-group is-layout-constrained wp-block-group-is-layout-constrained\">\n<figure class=\"wp-block-image size-large\"><img decoding=\"async\" src=\"https:\/\/home.escuelappadres.com\/wp-content\/uploads\/2024\/11\/FotoMario-1-962x1024.jpg\" alt=\"\"\/><\/figure>\n\n\n\n<h5 class=\"wp-block-heading\">Mario Gonz\u00e1lez<\/h5>\n\n\n\n<p>Fundador y experto en gamificaci\u00f3n<\/p>\n<\/div>\n<\/div>\n<\/div><\/div>\n","protected":false},"excerpt":{"rendered":"<p>4.8 rating on Google CONT\u00c1CTANOS Si ya eres parte de nuestra comunidad INGRESA AQU\u00cd \u00bfQui\u00e9nes somos? Nos importa ayudar a otros padres Nuestros cursos van enfocados a pap\u00e1s que no tienen el tiempo de dise\u00f1ar actividades con sus hijos que integren los saberes que muchos de ellos han adquirido a trav\u00e9s de lecturas, conferencias, etc. [&hellip;]<\/p>\n","protected":false},"author":1,"featured_media":0,"parent":0,"menu_order":0,"comment_status":"closed","ping_status":"closed","template":"","meta":{"_uag_custom_page_level_css":"","site-sidebar-layout":"no-sidebar","site-content-layout":"page-builder","ast-site-content-layout":"full-width-container","site-content-style":"unboxed","site-sidebar-style":"unboxed","ast-global-header-display":"","ast-banner-title-visibility":"","ast-main-header-display":"","ast-hfb-above-header-display":"","ast-hfb-below-header-display":"","ast-hfb-mobile-header-display":"","site-post-title":"disabled","ast-breadcrumbs-content":"","ast-featured-img":"disabled","footer-sml-layout":"","ast-disable-related-posts":"","theme-transparent-header-meta":"enabled","adv-header-id-meta":"","stick-header-meta":"","header-above-stick-meta":"","header-main-stick-meta":"","header-below-stick-meta":"","astra-migrate-meta-layouts":"set","ast-page-background-enabled":"default","ast-page-background-meta":{"desktop":{"background-color":"var(--ast-global-color-4)","background-image":"","background-repeat":"repeat","background-position":"center center","background-size":"auto","background-attachment":"scroll","background-type":"","background-media":"","overlay-type":"","overlay-color":"","overlay-opacity":"","overlay-gradient":""},"tablet":{"background-color":"","background-image":"","background-repeat":"repeat","background-position":"center center","background-size":"auto","background-attachment":"scroll","background-type":"","background-media":"","overlay-type":"","overlay-color":"","overlay-opacity":"","overlay-gradient":""},"mobile":{"background-color":"","background-image":"","background-repeat":"repeat","background-position":"center center","background-size":"auto","background-attachment":"scroll","background-type":"","background-media":"","overlay-type":"","overlay-color":"","overlay-opacity":"","overlay-gradient":""}},"ast-content-background-meta":{"desktop":{"background-color":"var(--ast-global-color-5)","background-image":"","background-repeat":"repeat","background-position":"center center","background-size":"auto","background-attachment":"scroll","background-type":"","background-media":"","overlay-type":"","overlay-color":"","overlay-opacity":"","overlay-gradient":""},"tablet":{"background-color":"var(--ast-global-color-5)","background-image":"","background-repeat":"repeat","background-position":"center center","background-size":"auto","background-attachment":"scroll","background-type":"","background-media":"","overlay-type":"","overlay-color":"","overlay-opacity":"","overlay-gradient":""},"mobile":{"background-color":"var(--ast-global-color-5)","background-image":"","background-repeat":"repeat","background-position":"center center","background-size":"auto","background-attachment":"scroll","background-type":"","background-media":"","overlay-type":"","overlay-color":"","overlay-opacity":"","overlay-gradient":""}},"footnotes":""},"class_list":["post-1390","page","type-page","status-publish","hentry"],"uagb_featured_image_src":{"full":false,"thumbnail":false,"medium":false,"medium_large":false,"large":false,"1536x1536":false,"2048x2048":false,"woocommerce_thumbnail":false,"woocommerce_single":false,"woocommerce_gallery_thumbnail":false},"uagb_author_info":{"display_name":"admin","author_link":"https:\/\/home.escuelappadres.com\/index.php\/author\/magosa\/"},"uagb_comment_info":0,"uagb_excerpt":"4.8 rating on Google CONT\u00c1CTANOS Si ya eres parte de nuestra comunidad INGRESA AQU\u00cd \u00bfQui\u00e9nes somos? Nos importa ayudar a otros padres Nuestros cursos van enfocados a pap\u00e1s que no tienen el tiempo de dise\u00f1ar actividades con sus hijos que integren los saberes que muchos de ellos han adquirido a trav\u00e9s de lecturas, conferencias, etc.&hellip;","_links":{"self":[{"href":"https:\/\/home.escuelappadres.com\/index.php\/wp-json\/wp\/v2\/pages\/1390","targetHints":{"allow":["GET"]}}],"collection":[{"href":"https:\/\/home.escuelappadres.com\/index.php\/wp-json\/wp\/v2\/pages"}],"about":[{"href":"https:\/\/home.escuelappadres.com\/index.php\/wp-json\/wp\/v2\/types\/page"}],"author":[{"embeddable":true,"href":"https:\/\/home.escuelappadres.com\/index.php\/wp-json\/wp\/v2\/users\/1"}],"replies":[{"embeddable":true,"href":"https:\/\/home.escuelappadres.com\/index.php\/wp-json\/wp\/v2\/comments?post=1390"}],"version-history":[{"count":20,"href":"https:\/\/home.escuelappadres.com\/index.php\/wp-json\/wp\/v2\/pages\/1390\/revisions"}],"predecessor-version":[{"id":2767,"href":"https:\/\/home.escuelappadres.com\/index.php\/wp-json\/wp\/v2\/pages\/1390\/revisions\/2767"}],"wp:attachment":[{"href":"https:\/\/home.escuelappadres.com\/index.php\/wp-json\/wp\/v2\/media?parent=1390"}],"curies":[{"name":"wp","href":"https:\/\/api.w.org\/{rel}","templated":true}]}}