{"id":1393,"date":"2022-04-21T11:26:28","date_gmt":"2022-04-21T11:26:28","guid":{"rendered":"https:\/\/home.escuelappadres.com\/index.php\/about\/"},"modified":"2025-12-23T17:30:21","modified_gmt":"2025-12-23T17:30:21","slug":"about","status":"publish","type":"page","link":"https:\/\/home.escuelappadres.com\/index.php\/about\/","title":{"rendered":"\u00bfQui\u00e9nes somos?"},"content":{"rendered":"\n<div class=\"wp-block-uagb-container uagb-block-a79bbcd0 alignfull uagb-is-root-container\"><div class=\"uagb-container-inner-blocks-wrap\">\n<div class=\"wp-block-uagb-advanced-heading uagb-block-84f814f5\"><p class=\"uagb-desc-text\">Sobre nosotros<\/p><h1 class=\"uagb-heading-text\">Innovaci\u00f3n, integridad y responsabilidad social.<\/h1><\/div>\n\n\n\n<div class=\"wp-block-uagb-container uagb-block-dfef776f\">\n<div class=\"wp-block-uagb-container uagb-block-3eb5150e\">\n<div class=\"wp-block-uagb-image uagb-block-1c91ce91 wp-block-uagb-image--layout-default wp-block-uagb-image--effect-static wp-block-uagb-image--align-none\"><figure class=\"wp-block-uagb-image__figure\"><img decoding=\"async\" srcset=\"https:\/\/home.escuelappadres.com\/wp-content\/uploads\/2024\/05\/downloadedImage-1.png ,https:\/\/home.escuelappadres.com\/wp-content\/uploads\/2024\/05\/downloadedImage-1.png 780w, https:\/\/home.escuelappadres.com\/wp-content\/uploads\/2024\/05\/downloadedImage-1.png 360w\" sizes=\"auto, (max-width: 480px) 150px\" src=\"https:\/\/home.escuelappadres.com\/wp-content\/uploads\/2024\/05\/downloadedImage-1.png\" alt=\"\" class=\"uag-image-2688\" width=\"600\" height=\"600\" title=\"\" loading=\"lazy\" role=\"img\"\/><\/figure><\/div>\n<\/div>\n\n\n\n<div class=\"wp-block-uagb-container uagb-block-0807ea80\">\n<div class=\"wp-block-uagb-advanced-heading uagb-block-f6675afe\"><h3 class=\"uagb-heading-text\">Ser padres nos reta, ayudar a otros padres nos mueve.<\/h3><p class=\"uagb-desc-text\">Somos un equipo de padres de familia y profesionales en \u00e1reas como: psicolog\u00eda, educaci\u00f3n, tecnolog\u00eda, innovaci\u00f3n educativa y gamificaci\u00f3n,&nbsp;quienes, preocupados por brindar a otros padres que no tienen el tiempo de investigar y dise\u00f1ar actividades de convivencia positivas o con prop\u00f3sitos claros, nos dimos a la tarea durante dos a\u00f1os de investigar y crear&nbsp; retos adecuados a la etapa de desarrollo del ni\u00f1o, para mejorar en sus hijos habilidades en las \u00e1reas: mental, f\u00edsica, emocional y de conexiones personales, usando tem\u00e1ticas inmersivas para hacer m\u00e1s din\u00e1mica y did\u00e1ctica la experiencia de convivencia.<\/p><\/div>\n<\/div>\n<\/div>\n<\/div><\/div>\n\n\n\n<div class=\"wp-block-uagb-container uagb-block-a4fd6341 alignfull uagb-is-root-container\"><div class=\"uagb-container-inner-blocks-wrap\">\n<div class=\"wp-block-uagb-container uagb-block-a1d31e07\">\n<div class=\"wp-block-uagb-advanced-heading uagb-block-c4303f02\"><h2 class=\"uagb-heading-text\">Nuestra Misi\u00f3n<\/h2><p class=\"uagb-desc-text\">Tenemos la&nbsp;<strong>misi\u00f3n&nbsp;<\/strong>de \u201cColaborar con los padres de familia para la formaci\u00f3n de sus hijos como mejores personas a trav\u00e9s de un ambiente accesible, divertido e inmersivo, dando resultados tangibles, a trav\u00e9s de un equipo de trabajo creativo y motivado, guiados por el compromiso de ayudar a hacer del mundo un lugar mejor.\u201d<\/p><\/div>\n<\/div>\n\n\n\n<div class=\"wp-block-uagb-container uagb-block-a0ba220c\">\n<div class=\"wp-block-uagb-image aligncenter uagb-block-36311273 wp-block-uagb-image--layout-default wp-block-uagb-image--effect-static wp-block-uagb-image--align-center\"><figure class=\"wp-block-uagb-image__figure\"><img decoding=\"async\" srcset=\"https:\/\/home.escuelappadres.com\/wp-content\/uploads\/2024\/05\/downloadedImage-2-1.png ,https:\/\/home.escuelappadres.com\/wp-content\/uploads\/2024\/05\/downloadedImage-2-1.png 780w, https:\/\/home.escuelappadres.com\/wp-content\/uploads\/2024\/05\/downloadedImage-2-1.png 360w\" sizes=\"auto, (max-width: 480px) 150px\" src=\"https:\/\/home.escuelappadres.com\/wp-content\/uploads\/2024\/05\/downloadedImage-2-1.png\" alt=\"\" class=\"uag-image-2690\" width=\"320\" height=\"440\" title=\"\" loading=\"lazy\" role=\"img\"\/><\/figure><\/div>\n<\/div>\n\n\n\n<div class=\"wp-block-uagb-container uagb-block-2089278f\">\n<div class=\"wp-block-uagb-info-box uagb-block-55905abe uagb-infobox__content-wrap  uagb-infobox-icon-above-title uagb-infobox-image-valign-top\"><div class=\"uagb-ifb-content\"><div class=\"uagb-ifb-icon-wrap\"><svg xmlns=\"https:\/\/www.w3.org\/2000\/svg\" viewBox=\"0 0 448 512\"><path d=\"M96 224C84.72 224 74.05 226.3 64 229.9V224c0-35.3 28.7-64 64-64c17.67 0 32-14.33 32-32S145.7 96 128 96C57.42 96 0 153.4 0 224v96c0 53.02 42.98 96 96 96s96-42.98 96-96S149 224 96 224zM352 224c-11.28 0-21.95 2.305-32 5.879V224c0-35.3 28.7-64 64-64c17.67 0 32-14.33 32-32s-14.33-32-32-32c-70.58 0-128 57.42-128 128v96c0 53.02 42.98 96 96 96s96-42.98 96-96S405 224 352 224z\"><\/path><\/svg><\/div><div class=\"uagb-ifb-title-wrap\"><p class=\"uagb-ifb-title\">Como padres asumimos los desaf\u00edos de crianza, al usar nuestros talentos para ayudar a otros padres asumimos nuestra misi\u00f3n.<\/p><\/div><\/div><\/div>\n<\/div>\n<\/div><\/div>\n\n\n\n<div class=\"wp-block-uagb-container uagb-block-6795bc4b alignfull uagb-is-root-container\"><div class=\"uagb-container-inner-blocks-wrap\">\n<div class=\"wp-block-uagb-container uagb-block-ebd677c7\">\n<div class=\"wp-block-uagb-info-box uagb-block-89d2db36 uagb-infobox__content-wrap  uagb-infobox-icon-above-title uagb-infobox-image-valign-top\"><div class=\"uagb-ifb-content\"><div class=\"uagb-ifb-icon-wrap\"><svg xmlns=\"https:\/\/www.w3.org\/2000\/svg\" viewBox=\"0 0 512 512\"><path d=\"M500.3 7.251C507.7 13.33 512 22.41 512 31.1V175.1C512 202.5 483.3 223.1 447.1 223.1C412.7 223.1 383.1 202.5 383.1 175.1C383.1 149.5 412.7 127.1 447.1 127.1V71.03L351.1 90.23V207.1C351.1 234.5 323.3 255.1 287.1 255.1C252.7 255.1 223.1 234.5 223.1 207.1C223.1 181.5 252.7 159.1 287.1 159.1V63.1C287.1 48.74 298.8 35.61 313.7 32.62L473.7 .6198C483.1-1.261 492.9 1.173 500.3 7.251H500.3zM74.66 303.1L86.5 286.2C92.43 277.3 102.4 271.1 113.1 271.1H174.9C185.6 271.1 195.6 277.3 201.5 286.2L213.3 303.1H239.1C266.5 303.1 287.1 325.5 287.1 351.1V463.1C287.1 490.5 266.5 511.1 239.1 511.1H47.1C21.49 511.1-.0019 490.5-.0019 463.1V351.1C-.0019 325.5 21.49 303.1 47.1 303.1H74.66zM143.1 359.1C117.5 359.1 95.1 381.5 95.1 407.1C95.1 434.5 117.5 455.1 143.1 455.1C170.5 455.1 191.1 434.5 191.1 407.1C191.1 381.5 170.5 359.1 143.1 359.1zM440.3 367.1H496C502.7 367.1 508.6 372.1 510.1 378.4C513.3 384.6 511.6 391.7 506.5 396L378.5 508C372.9 512.1 364.6 513.3 358.6 508.9C352.6 504.6 350.3 496.6 353.3 489.7L391.7 399.1H336C329.3 399.1 323.4 395.9 321 389.6C318.7 383.4 320.4 376.3 325.5 371.1L453.5 259.1C459.1 255 467.4 254.7 473.4 259.1C479.4 263.4 481.6 271.4 478.7 278.3L440.3 367.1zM116.7 219.1L19.85 119.2C-8.112 90.26-6.614 42.31 24.85 15.34C51.82-8.137 93.26-3.642 118.2 21.83L128.2 32.32L137.7 21.83C162.7-3.642 203.6-8.137 231.6 15.34C262.6 42.31 264.1 90.26 236.1 119.2L139.7 219.1C133.2 225.6 122.7 225.6 116.7 219.1H116.7z\"><\/path><\/svg><\/div><div class=\"uagb-ifb-title-wrap\"><h4 class=\"uagb-ifb-title\">Innovaci\u00f3n<\/h4><\/div><p class=\"uagb-ifb-desc\">Somos creativos, queremos marcar una diferencia a trav\u00e9s de propuestas diferentes.<\/p><\/div><\/div>\n<\/div>\n\n\n\n<div class=\"wp-block-uagb-container uagb-block-f858d1f2\">\n<div class=\"wp-block-uagb-info-box uagb-block-d650850b uagb-infobox__content-wrap  uagb-infobox-icon-above-title uagb-infobox-image-valign-top\"><div class=\"uagb-ifb-content\"><div class=\"uagb-ifb-icon-wrap\"><svg xmlns=\"https:\/\/www.w3.org\/2000\/svg\" viewBox=\"0 0 576 512\"><path d=\"M275.2 250.5c7 7.375 18.5 7.375 25.5 0l108.1-114.2c31.5-33.12 29.72-88.1-5.65-118.7c-30.88-26.75-76.75-21.9-104.9 7.724L287.1 36.91L276.8 25.28C248.7-4.345 202.7-9.194 171.1 17.56C136.7 48.18 134.7 103.2 166.4 136.3L275.2 250.5zM568.2 336.3c-13.12-17.81-38.14-21.66-55.93-8.469l-119.7 88.17h-120.6c-8.748 0-15.1-7.25-15.1-15.1c0-8.746 7.25-15.1 15.1-15.1h78.25c15.1 0 30.75-10.87 33.37-26.62c3.25-19.1-12.12-37.37-31.62-37.37H191.1c-26.1 0-53.12 9.25-74.12 26.25l-46.5 37.74l-55.37-.0253c-8.748 0-15.1 7.275-15.1 16.02L.0001 496C.0001 504.8 7.251 512 15.1 512h346.1c22.03 0 43.92-7.187 61.7-20.28l135.1-99.51C577.5 379.1 581.3 354.1 568.2 336.3z\"><\/path><\/svg><\/div><div class=\"uagb-ifb-title-wrap\"><h4 class=\"uagb-ifb-title\">Integridad<\/h4><\/div><p class=\"uagb-ifb-desc\">Nos adherimos a nuestros  valores, estudiamos las situaciones y somos fieles a quienes somos.<\/p><\/div><\/div>\n<\/div>\n\n\n\n<div class=\"wp-block-uagb-container uagb-block-3c8d770a\">\n<div class=\"wp-block-uagb-info-box uagb-block-ece560e1 uagb-infobox__content-wrap  uagb-infobox-icon-above-title uagb-infobox-image-valign-top\"><div class=\"uagb-ifb-content\"><div class=\"uagb-ifb-icon-wrap\"><svg xmlns=\"https:\/\/www.w3.org\/2000\/svg\" viewBox=\"0 0 640 512\"><path d=\"M128 95.1c26.5 0 47.1-21.5 47.1-47.1S154.5 0 128 0S80.01 21.5 80.01 47.1S101.5 95.1 128 95.1zM511.1 95.1c26.5 0 47.1-21.5 47.1-47.1S538.5 0 511.1 0c-26.5 0-48 21.5-48 47.1S485.5 95.1 511.1 95.1zM603.5 258.3l-18.5-80.13c-4.625-20-18.62-36.88-37.5-44.88c-18.5-8-38.1-6.75-56.12 3.25c-22.62 13.38-39.62 34.5-48.12 59.38l-11.25 33.88l-15.1 10.25L415.1 144c0-8.75-7.25-16-16-16H240c-8.75 0-16 7.25-16 16L224 239.1l-16.12-10.25l-11.25-33.88c-8.375-25-25.38-46-48.12-59.38c-17.25-10-37.63-11.25-56.12-3.25c-18.88 8-32.88 24.88-37.5 44.88l-18.37 80.13c-4.625 20 .7506 41.25 14.37 56.75l67.25 75.88l10.12 92.63C130 499.8 143.8 512 160 512c1.25 0 2.25-.125 3.5-.25c17.62-1.875 30.25-17.62 28.25-35.25l-10-92.75c-1.5-13-7-25.12-15.62-35l-43.37-49l17.62-70.38l6.876 20.38c4 12.5 11.87 23.5 24.5 32.63l51 32.5c4.623 2.875 12.12 4.625 17.25 5h159.1c5.125-.375 12.62-2.125 17.25-5l51-32.5c12.62-9.125 20.5-20 24.5-32.63l6.875-20.38l17.63 70.38l-43.37 49c-8.625 9.875-14.12 22-15.62 35l-10 92.75c-2 17.62 10.75 33.38 28.25 35.25C477.7 511.9 478.7 512 479.1 512c16.12 0 29.1-12.12 31.75-28.5l10.12-92.63L589.1 315C602.7 299.5 608.1 278.3 603.5 258.3zM46.26 358.1l-44 110c-6.5 16.38 1.5 35 17.88 41.63c16.75 6.5 35.12-1.75 41.62-17.88l27.62-69.13l-2-18.25L46.26 358.1zM637.7 468.1l-43.1-110l-41.13 46.38l-2 18.25l27.62 69.13C583.2 504.4 595.2 512 607.1 512c3.998 0 7.998-.75 11.87-2.25C636.2 503.1 644.2 484.5 637.7 468.1z\"><\/path><\/svg><\/div><div class=\"uagb-ifb-title-wrap\"><h4 class=\"uagb-ifb-title\">Responsabilidad Social<\/h4><\/div><p class=\"uagb-ifb-desc\">Tenemos un compromiso con el apoyo al n\u00facleo de la sociedad: los padres.<\/p><\/div><\/div>\n<\/div>\n<\/div><\/div>\n\n\n\n<div class=\"wp-block-uagb-container uagb-block-7a0e9114 alignfull uagb-is-root-container\"><div class=\"uagb-container-inner-blocks-wrap\">\n<div class=\"wp-block-uagb-container uagb-block-0daffff1\">\n<div class=\"wp-block-uagb-container uagb-block-96d65eb1\">\n<div class=\"wp-block-uagb-advanced-heading uagb-block-848cbb06\"><h6 class=\"uagb-heading-text\">Visi\u00f3n<\/h6><\/div>\n<\/div>\n\n\n\n<div class=\"wp-block-uagb-container uagb-block-617029dd\">\n<div class=\"wp-block-uagb-advanced-heading uagb-block-60063ed4\"><p class=\"uagb-heading-text\">\u201cSer reconocidos por nuestros clientes y la sociedad como la mejor opci\u00f3n online de&nbsp; formaci\u00f3n de padres de familia en M\u00e9xico \u201d<\/p><\/div>\n<\/div>\n<\/div>\n<\/div><\/div>\n\n\n\n<div class=\"wp-block-uagb-container uagb-block-67bec61e alignfull uagb-is-root-container\"><div class=\"uagb-container-inner-blocks-wrap\">\n<div class=\"wp-block-uagb-container uagb-block-4b312c1f\">\n<div class=\"wp-block-uagb-advanced-heading uagb-block-48cf8dce\"><p class=\"uagb-desc-text\">Nuestros fundadores<\/p><h2 class=\"uagb-heading-text\">So\u00f1adores con ideales de servicio.<\/h2><\/div>\n\n\n\n<div class=\"wp-block-uagb-container uagb-block-2c476ebe\">\n<div class=\"wp-block-group is-content-justification-center is-nowrap is-layout-flex wp-container-core-group-is-layout-ff976b70 wp-block-group-is-layout-flex\">\n<div class=\"wp-block-uagb-container uagb-block-d93b45e5\">\n<div class=\"wp-block-group is-vertical is-content-justification-center is-layout-flex wp-container-core-group-is-layout-b6c1f246 wp-block-group-is-layout-flex\">\n<div class=\"wp-block-group is-vertical is-content-justification-center is-layout-flex wp-container-core-group-is-layout-fa38c63a wp-block-group-is-layout-flex\">\n<figure class=\"wp-block-image aligncenter size-large is-resized\"><img loading=\"lazy\" decoding=\"async\" width=\"912\" height=\"1024\" src=\"https:\/\/home.escuelappadres.com\/wp-content\/uploads\/2024\/02\/Foto-de-Marina-2-912x1024.jpg\" alt=\"\" class=\"wp-image-2680\" style=\"width:292px;height:auto\" srcset=\"https:\/\/home.escuelappadres.com\/wp-content\/uploads\/2024\/02\/Foto-de-Marina-2-912x1024.jpg 912w, https:\/\/home.escuelappadres.com\/wp-content\/uploads\/2024\/02\/Foto-de-Marina-2-267x300.jpg 267w, https:\/\/home.escuelappadres.com\/wp-content\/uploads\/2024\/02\/Foto-de-Marina-2-768x862.jpg 768w, https:\/\/home.escuelappadres.com\/wp-content\/uploads\/2024\/02\/Foto-de-Marina-2.jpg 1355w\" sizes=\"auto, (max-width: 912px) 100vw, 912px\" \/><\/figure>\n\n\n\n<div class=\"wp-block-group is-layout-constrained wp-block-group-is-layout-constrained\">\n<p class=\"has-text-align-center\"><strong><a href=\"https:\/\/www.youtube.com\/watch?v=cRtW84j_4co\" data-type=\"link\" data-id=\"https:\/\/www.youtube.com\/watch?v=cRtW84j_4co\">Marina G\u00f3mez<\/a><\/strong><\/p>\n\n\n\n<p class=\"has-text-align-center\">Fundadora y desarrollo creativo<\/p>\n\n\n\n<figure class=\"wp-block-embed is-type-video is-provider-youtube wp-block-embed-youtube wp-embed-aspect-16-9 wp-has-aspect-ratio\"><div class=\"wp-block-embed__wrapper\">\n<iframe loading=\"lazy\" title=\"Presentacio\u0301n Marina G\u00f3mez\" width=\"500\" height=\"281\" src=\"https:\/\/www.youtube.com\/embed\/cRtW84j_4co?feature=oembed\" frameborder=\"0\" allow=\"accelerometer; autoplay; clipboard-write; encrypted-media; gyroscope; picture-in-picture; web-share\" referrerpolicy=\"strict-origin-when-cross-origin\" allowfullscreen><\/iframe>\n<\/div><\/figure>\n<\/div>\n<\/div>\n<\/div>\n<\/div>\n\n\n\n<div class=\"wp-block-uagb-container uagb-block-3032c3ef\">\n<div class=\"wp-block-columns is-layout-flex wp-container-core-columns-is-layout-28f84493 wp-block-columns-is-layout-flex\">\n<div class=\"wp-block-column is-layout-flow wp-block-column-is-layout-flow\" style=\"flex-basis:100%\">\n<div class=\"wp-block-group is-vertical is-content-justification-center is-layout-flex wp-container-core-group-is-layout-b6c1f246 wp-block-group-is-layout-flex\">\n<div class=\"wp-block-group is-vertical is-content-justification-center is-layout-flex wp-container-core-group-is-layout-fa38c63a wp-block-group-is-layout-flex\">\n<div class=\"wp-block-group is-vertical is-content-justification-center is-layout-flex wp-container-core-group-is-layout-fa38c63a wp-block-group-is-layout-flex\">\n<figure class=\"wp-block-image aligncenter size-large is-resized\"><img loading=\"lazy\" decoding=\"async\" width=\"962\" height=\"1024\" src=\"https:\/\/home.escuelappadres.com\/wp-content\/uploads\/2024\/11\/FotoMario-1-962x1024.jpg\" alt=\"\" class=\"wp-image-2733\" style=\"width:294px;height:auto\" srcset=\"https:\/\/home.escuelappadres.com\/wp-content\/uploads\/2024\/11\/FotoMario-1-962x1024.jpg 962w, https:\/\/home.escuelappadres.com\/wp-content\/uploads\/2024\/11\/FotoMario-1-282x300.jpg 282w, https:\/\/home.escuelappadres.com\/wp-content\/uploads\/2024\/11\/FotoMario-1-768x817.jpg 768w, https:\/\/home.escuelappadres.com\/wp-content\/uploads\/2024\/11\/FotoMario-1-1443x1536.jpg 1443w, https:\/\/home.escuelappadres.com\/wp-content\/uploads\/2024\/11\/FotoMario-1-1924x2048.jpg 1924w\" sizes=\"auto, (max-width: 962px) 100vw, 962px\" \/><\/figure>\n\n\n\n<div class=\"wp-block-group is-layout-constrained wp-block-group-is-layout-constrained\">\n<div class=\"wp-block-group is-vertical is-layout-flex wp-container-core-group-is-layout-fe9cc265 wp-block-group-is-layout-flex\">\n<div class=\"wp-block-group is-vertical is-content-justification-center is-layout-flex wp-container-core-group-is-layout-b6c1f246 wp-block-group-is-layout-flex\">\n<p class=\"has-text-align-center\"><strong><a href=\"https:\/\/www.youtube.com\/watch?v=hookb3hlnbM\">Mario Gonz\u00e1lez<\/a><\/strong><\/p>\n\n\n\n<div class=\"wp-block-group is-vertical is-content-justification-center is-layout-flex wp-container-core-group-is-layout-fa38c63a wp-block-group-is-layout-flex\">\n<p class=\"has-text-align-center\">Fundador y experto en Gamificaci\u00f3n<\/p>\n\n\n\n<figure class=\"wp-block-embed is-type-video is-provider-youtube wp-block-embed-youtube wp-embed-aspect-16-9 wp-has-aspect-ratio\"><div class=\"wp-block-embed__wrapper\">\n<iframe loading=\"lazy\" title=\"Video Presentacion Mario 2\" width=\"500\" height=\"281\" src=\"https:\/\/www.youtube.com\/embed\/hookb3hlnbM?feature=oembed\" frameborder=\"0\" allow=\"accelerometer; autoplay; clipboard-write; encrypted-media; gyroscope; picture-in-picture; web-share\" referrerpolicy=\"strict-origin-when-cross-origin\" allowfullscreen><\/iframe>\n<\/div><\/figure>\n<\/div>\n<\/div>\n<\/div>\n<\/div>\n<\/div>\n<\/div>\n<\/div>\n<\/div>\n<\/div>\n<\/div>\n<\/div>\n<\/div>\n\n\n<\/div>\n<\/div><\/div>\n\n\n\n<div class=\"wp-block-uagb-container uagb-block-3645bfff alignfull uagb-is-root-container\"><div class=\"uagb-container-inner-blocks-wrap\">\n<div class=\"wp-block-uagb-image uagb-block-5f90c478 wp-block-uagb-image--layout-default wp-block-uagb-image--effect-static wp-block-uagb-image--align-none\"><figure class=\"wp-block-uagb-image__figure\"><img decoding=\"async\" srcset=\"https:\/\/home.escuelappadres.com\/wp-content\/uploads\/2024\/06\/downloadedImage-6.png ,https:\/\/home.escuelappadres.com\/wp-content\/uploads\/2024\/06\/downloadedImage-6.png 780w, https:\/\/home.escuelappadres.com\/wp-content\/uploads\/2024\/06\/downloadedImage-6.png 360w\" sizes=\"auto, (max-width: 480px) 150px\" src=\"https:\/\/home.escuelappadres.com\/wp-content\/uploads\/2024\/06\/downloadedImage-6.png\" alt=\"\" class=\"uag-image-2697\" width=\"512\" height=\"512\" title=\"\" loading=\"lazy\" role=\"img\"\/><\/figure><\/div>\n\n\n\n<div class=\"wp-block-uagb-call-to-action uagb-block-db3aba97 wp-block-button\"><div class=\"uagb-cta__wrap\"><h3 class=\"uagb-cta__title\">M\u00e1s informaci\u00f3n<\/h3><p class=\"uagb-cta__desc\"><a href=\"https:\/\/home.escuelappadres.com\/index.php\/contact\/\" data-type=\"page\" data-id=\"1399\">Cont\u00e1ctanos<\/a><\/p><\/div><div class=\"uagb-cta__buttons\"><a href=\"#\" class=\"uagb-cta__button-link-wrapper wp-block-button__link\" target=\"_self\" rel=\"noopener noreferrer\">Regresar<svg xmlns=\"https:\/\/www.w3.org\/2000\/svg\" viewBox=\"0 0 512 512\"><path d=\"M504.3 273.6l-112.1 104c-6.992 6.484-17.18 8.218-25.94 4.406c-8.758-3.812-14.42-12.45-14.42-21.1L351.9 288H32C14.33 288 .0002 273.7 .0002 255.1S14.33 224 32 224h319.9l0-72c0-9.547 5.66-18.19 14.42-22c8.754-3.809 18.95-2.075 25.94 4.41l112.1 104C514.6 247.9 514.6 264.1 504.3 273.6z\"><\/path><\/svg><\/a><\/div><\/div>\n<\/div><\/div>\n","protected":false},"excerpt":{"rendered":"<p>Sobre nosotros Innovaci\u00f3n, integridad y responsabilidad social. Ser padres nos reta, ayudar a otros padres nos mueve. Somos un equipo de padres de familia y profesionales en \u00e1reas como: psicolog\u00eda, educaci\u00f3n, tecnolog\u00eda, innovaci\u00f3n educativa y gamificaci\u00f3n,&nbsp;quienes, preocupados por brindar a otros padres que no tienen el tiempo de investigar y dise\u00f1ar actividades de convivencia positivas [&hellip;]<\/p>\n","protected":false},"author":1,"featured_media":0,"parent":0,"menu_order":0,"comment_status":"closed","ping_status":"closed","template":"","meta":{"_uag_custom_page_level_css":"","site-sidebar-layout":"no-sidebar","site-content-layout":"page-builder","ast-site-content-layout":"full-width-container","site-content-style":"unboxed","site-sidebar-style":"unboxed","ast-global-header-display":"","ast-banner-title-visibility":"","ast-main-header-display":"","ast-hfb-above-header-display":"","ast-hfb-below-header-display":"","ast-hfb-mobile-header-display":"","site-post-title":"disabled","ast-breadcrumbs-content":"","ast-featured-img":"disabled","footer-sml-layout":"","ast-disable-related-posts":"","theme-transparent-header-meta":"enabled","adv-header-id-meta":"","stick-header-meta":"","header-above-stick-meta":"","header-main-stick-meta":"","header-below-stick-meta":"","astra-migrate-meta-layouts":"set","ast-page-background-enabled":"default","ast-page-background-meta":{"desktop":{"background-color":"var(--ast-global-color-4)","background-image":"","background-repeat":"repeat","background-position":"center center","background-size":"auto","background-attachment":"scroll","background-type":"","background-media":"","overlay-type":"","overlay-color":"","overlay-opacity":"","overlay-gradient":""},"tablet":{"background-color":"","background-image":"","background-repeat":"repeat","background-position":"center center","background-size":"auto","background-attachment":"scroll","background-type":"","background-media":"","overlay-type":"","overlay-color":"","overlay-opacity":"","overlay-gradient":""},"mobile":{"background-color":"","background-image":"","background-repeat":"repeat","background-position":"center center","background-size":"auto","background-attachment":"scroll","background-type":"","background-media":"","overlay-type":"","overlay-color":"","overlay-opacity":"","overlay-gradient":""}},"ast-content-background-meta":{"desktop":{"background-color":"var(--ast-global-color-5)","background-image":"","background-repeat":"repeat","background-position":"center center","background-size":"auto","background-attachment":"scroll","background-type":"","background-media":"","overlay-type":"","overlay-color":"","overlay-opacity":"","overlay-gradient":""},"tablet":{"background-color":"var(--ast-global-color-5)","background-image":"","background-repeat":"repeat","background-position":"center center","background-size":"auto","background-attachment":"scroll","background-type":"","background-media":"","overlay-type":"","overlay-color":"","overlay-opacity":"","overlay-gradient":""},"mobile":{"background-color":"var(--ast-global-color-5)","background-image":"","background-repeat":"repeat","background-position":"center center","background-size":"auto","background-attachment":"scroll","background-type":"","background-media":"","overlay-type":"","overlay-color":"","overlay-opacity":"","overlay-gradient":""}},"footnotes":""},"class_list":["post-1393","page","type-page","status-publish","hentry"],"uagb_featured_image_src":{"full":false,"thumbnail":false,"medium":false,"medium_large":false,"large":false,"1536x1536":false,"2048x2048":false,"woocommerce_thumbnail":false,"woocommerce_single":false,"woocommerce_gallery_thumbnail":false},"uagb_author_info":{"display_name":"admin","author_link":"https:\/\/home.escuelappadres.com\/index.php\/author\/magosa\/"},"uagb_comment_info":0,"uagb_excerpt":"Sobre nosotros Innovaci\u00f3n, integridad y responsabilidad social. Ser padres nos reta, ayudar a otros padres nos mueve. Somos un equipo de padres de familia y profesionales en \u00e1reas como: psicolog\u00eda, educaci\u00f3n, tecnolog\u00eda, innovaci\u00f3n educativa y gamificaci\u00f3n,&nbsp;quienes, preocupados por brindar a otros padres que no tienen el tiempo de investigar y dise\u00f1ar actividades de convivencia positivas&hellip;","_links":{"self":[{"href":"https:\/\/home.escuelappadres.com\/index.php\/wp-json\/wp\/v2\/pages\/1393","targetHints":{"allow":["GET"]}}],"collection":[{"href":"https:\/\/home.escuelappadres.com\/index.php\/wp-json\/wp\/v2\/pages"}],"about":[{"href":"https:\/\/home.escuelappadres.com\/index.php\/wp-json\/wp\/v2\/types\/page"}],"author":[{"embeddable":true,"href":"https:\/\/home.escuelappadres.com\/index.php\/wp-json\/wp\/v2\/users\/1"}],"replies":[{"embeddable":true,"href":"https:\/\/home.escuelappadres.com\/index.php\/wp-json\/wp\/v2\/comments?post=1393"}],"version-history":[{"count":25,"href":"https:\/\/home.escuelappadres.com\/index.php\/wp-json\/wp\/v2\/pages\/1393\/revisions"}],"predecessor-version":[{"id":2799,"href":"https:\/\/home.escuelappadres.com\/index.php\/wp-json\/wp\/v2\/pages\/1393\/revisions\/2799"}],"wp:attachment":[{"href":"https:\/\/home.escuelappadres.com\/index.php\/wp-json\/wp\/v2\/media?parent=1393"}],"curies":[{"name":"wp","href":"https:\/\/api.w.org\/{rel}","templated":true}]}}