{"id":1395,"date":"2022-04-21T11:28:11","date_gmt":"2022-04-21T11:28:11","guid":{"rendered":"https:\/\/home.escuelappadres.com\/index.php\/program\/"},"modified":"2025-12-23T17:45:38","modified_gmt":"2025-12-23T17:45:38","slug":"program","status":"publish","type":"page","link":"https:\/\/home.escuelappadres.com\/index.php\/program\/","title":{"rendered":"Modelo de nuestros cursos"},"content":{"rendered":"\n<div class=\"wp-block-group is-layout-constrained wp-block-group-is-layout-constrained\"><\/div>\n\n\n\n<div class=\"wp-block-uagb-container uagb-block-76c10568 alignfull uagb-is-root-container\"><div class=\"uagb-container-inner-blocks-wrap\">\n<div class=\"wp-block-uagb-advanced-heading uagb-block-473240c3\"><p class=\"uagb-desc-text\">nuestro modelo<\/p><h1 class=\"uagb-heading-text\">Dise\u00f1ado para ayudar a los padres a conectar con las habilidades de sus hijos<\/h1><\/div>\n<\/div><\/div>\n\n\n\n<div class=\"wp-block-uagb-container uagb-block-6aa5c44b alignfull uagb-is-root-container\"><div class=\"uagb-container-inner-blocks-wrap\">\n<div class=\"wp-block-uagb-container uagb-block-388d02d5\">\n<div class=\"wp-block-uagb-info-box uagb-block-454099b0 uagb-infobox__content-wrap  uagb-infobox-icon-above-title uagb-infobox-image-valign-top\"><div class=\"uagb-ifb-content\"><div class=\"uagb-ifb-title-wrap\"><span class=\"uagb-ifb-title-prefix\">Por qu\u00e9 nosotros<\/span><h2 class=\"uagb-ifb-title\">Modelo basado en competencias<\/h2><\/div><p class=\"uagb-ifb-desc\">Dise\u00f1amos e impartimos cursos para padres bajo el modelo de competencias, esto quiere decir que, adicional a los saberes (teor\u00eda) se a\u00f1aden habilides y se cierra con reflexiones.<br><br>La cl\u00e1sica escuela de padres se convierte con nosotros en una experiencia de convivencia y crecimiento para padres e hijos.<\/p><\/div><\/div>\n<\/div>\n\n\n\n<div class=\"wp-block-uagb-container uagb-block-492c036c\">\n<div class=\"wp-block-uagb-container uagb-block-f713efb4\">\n<div class=\"wp-block-group is-layout-constrained wp-block-group-is-layout-constrained\">\n<div class=\"wp-block-group is-layout-constrained wp-block-group-is-layout-constrained\">\n<div class=\"wp-block-group is-layout-constrained wp-block-group-is-layout-constrained\">\n<div class=\"wp-block-columns is-layout-flex wp-container-core-columns-is-layout-28f84493 wp-block-columns-is-layout-flex\">\n<div class=\"wp-block-column is-layout-flow wp-block-column-is-layout-flow\" style=\"flex-basis:100%\">\n<div class=\"wp-block-uagb-info-box uagb-block-141a86e9 uagb-infobox__content-wrap  uagb-infobox-icon-left uagb-infobox-left uagb-infobox-image-valign-top\"><div class=\"uagb-ifb-icon-wrap\"><div class=\"uagb-iconbox-icon-wrap uagb-infobox-shape-circle\"><svg xmlns=\"https:\/\/www.w3.org\/2000\/svg\" viewBox=\"0 0 640 512\"><path d=\"M216.1 236C205.1 222.3 185.8 219.1 172 231c-13.81 11.06-16.05 31.19-5 45l18.86 30.56C194.8 317.7 193.9 333.7 183.8 343.8c-11.79 11.79-31.2 10.71-41.61-2.305L80 256.8V104C80 81.91 62.09 64 40 64S0 81.91 0 104v204.7c0 14.54 4.949 28.65 14.03 40l120.1 151.3C141.1 507.6 150.3 512 159.1 512H256c17.67 0 32.03-14.35 32.03-32.02L288 358.4c0-21.79-7.414-42.93-21.02-59.94L216.1 236zM600 64c-22.09 0-40 17.91-40 40v152.8l-62.2 84.73c-10.41 13.02-29.83 14.09-41.61 2.305c-10.08-10.07-10.97-26.11-2.068-37.24l18.86-30.56c11.05-13.81 8.812-33.94-5-45c-13.77-11.03-33.94-8.75-44.97 5l-49.99 62.5C359.4 315.5 352 336.6 352 358.4l-.0313 121.5C351.1 497.7 366.3 512 384 512h96.02c9.713 0 18.9-4.414 24.96-12l120.1-151.3C635.1 337.4 640 323.3 640 308.7V104C640 81.91 622.1 64 600 64z\"><\/path><\/svg><\/div><\/div><div class=\"uagb-ifb-content\"><div class=\"uagb-ifb-title-wrap\"><h5 class=\"uagb-ifb-title\">Conocimientos<\/h5><\/div><p class=\"uagb-ifb-desc\">Abordamos los conocimientos te\u00f3ricos a trav\u00e9s de breves videos explicativos.<\/p><\/div><\/div>\n<\/div>\n<\/div>\n<\/div>\n<\/div>\n<\/div>\n<\/div>\n\n\n\n<div class=\"wp-block-uagb-container uagb-block-57166fd8\">\n<div class=\"wp-block-uagb-info-box uagb-block-cce7e708 uagb-infobox__content-wrap  uagb-infobox-icon-left uagb-infobox-left uagb-infobox-image-valign-top\"><div class=\"uagb-ifb-icon-wrap\"><div class=\"uagb-iconbox-icon-wrap uagb-infobox-shape-circle\"><svg xmlns=\"https:\/\/www.w3.org\/2000\/svg\" viewBox=\"0 0 576 512\"><path d=\"M275.2 250.5c7 7.375 18.5 7.375 25.5 0l108.1-114.2c31.5-33.12 29.72-88.1-5.65-118.7c-30.88-26.75-76.75-21.9-104.9 7.724L287.1 36.91L276.8 25.28C248.7-4.345 202.7-9.194 171.1 17.56C136.7 48.18 134.7 103.2 166.4 136.3L275.2 250.5zM568.2 336.3c-13.12-17.81-38.14-21.66-55.93-8.469l-119.7 88.17h-120.6c-8.748 0-15.1-7.25-15.1-15.1c0-8.746 7.25-15.1 15.1-15.1h78.25c15.1 0 30.75-10.87 33.37-26.62c3.25-19.1-12.12-37.37-31.62-37.37H191.1c-26.1 0-53.12 9.25-74.12 26.25l-46.5 37.74l-55.37-.0253c-8.748 0-15.1 7.275-15.1 16.02L.0001 496C.0001 504.8 7.251 512 15.1 512h346.1c22.03 0 43.92-7.187 61.7-20.28l135.1-99.51C577.5 379.1 581.3 354.1 568.2 336.3z\"><\/path><\/svg><\/div><\/div><div class=\"uagb-ifb-content\"><div class=\"uagb-ifb-title-wrap\"><h5 class=\"uagb-ifb-title\">Habilidades<\/h5><\/div><p class=\"uagb-ifb-desc\">Llevamos a la pr\u00e1tica esos conocimientos a trav\u00e9s de retos o misiones a llevar a cabo padres e hijos <\/p><\/div><\/div>\n<\/div>\n\n\n\n<div class=\"wp-block-uagb-container uagb-block-8fb23b8e\">\n<div class=\"wp-block-uagb-info-box uagb-block-1dc5c7a8 uagb-infobox__content-wrap  uagb-infobox-icon-left uagb-infobox-left uagb-infobox-image-valign-top\"><div class=\"uagb-ifb-icon-wrap\"><div class=\"uagb-iconbox-icon-wrap uagb-infobox-shape-circle\"><svg xmlns=\"https:\/\/www.w3.org\/2000\/svg\" viewBox=\"0 0 576 512\"><path d=\"M279.6 160.4C282.4 160.1 285.2 160 288 160C341 160 384 202.1 384 256C384 309 341 352 288 352C234.1 352 192 309 192 256C192 253.2 192.1 250.4 192.4 247.6C201.7 252.1 212.5 256 224 256C259.3 256 288 227.3 288 192C288 180.5 284.1 169.7 279.6 160.4zM480.6 112.6C527.4 156 558.7 207.1 573.5 243.7C576.8 251.6 576.8 260.4 573.5 268.3C558.7 304 527.4 355.1 480.6 399.4C433.5 443.2 368.8 480 288 480C207.2 480 142.5 443.2 95.42 399.4C48.62 355.1 17.34 304 2.461 268.3C-.8205 260.4-.8205 251.6 2.461 243.7C17.34 207.1 48.62 156 95.42 112.6C142.5 68.84 207.2 32 288 32C368.8 32 433.5 68.84 480.6 112.6V112.6zM288 112C208.5 112 144 176.5 144 256C144 335.5 208.5 400 288 400C367.5 400 432 335.5 432 256C432 176.5 367.5 112 288 112z\"><\/path><\/svg><\/div><\/div><div class=\"uagb-ifb-content\"><div class=\"uagb-ifb-title-wrap\"><h5 class=\"uagb-ifb-title\">Actitudes y valores<\/h5><\/div><p class=\"uagb-ifb-desc\">Se realizan reflexiones para apreciar lo aprendido y las habilidades desarrolladas,<\/p><\/div><\/div>\n<\/div>\n<\/div>\n<\/div><\/div>\n\n\n\n<div class=\"wp-block-group is-layout-constrained wp-block-group-is-layout-constrained\">\n<div class=\"wp-block-uagb-container uagb-block-8d1105e3 alignfull uagb-is-root-container\">\n<div class=\"wp-block-uagb-container uagb-block-d4e57597\">\n<div class=\"wp-block-uagb-container uagb-block-f6699539\">\n<h1 class=\"wp-block-heading\">Modelo gamificado<\/h1>\n\n\n\n<p>Nuestros cursos se dise\u00f1an en un ambiente inmersivo de con una tem\u00e1tica espec\u00edfica adecuada para cada nivel de desarrollo del ni\u00f1o, de esta manera no solo los padres aprenden y conectan con sus hijos, sino que tambi\u00e9n lo hacen de una manera amigable, con retos y un ambiente parecido a un juego.<\/p>\n\n\n\n<p><a href=\"https:\/\/home.escuelappadres.com\/index.php\/contact\/\" data-type=\"page\" data-id=\"1399\">CONT\u00c1CTANOS<\/a><\/p>\n<\/div>\n<\/div>\n\n\n\n<div class=\"wp-block-group is-layout-constrained wp-block-group-is-layout-constrained\">\n<div class=\"wp-block-group is-layout-constrained wp-block-group-is-layout-constrained\">\n<div class=\"wp-block-group alignwide is-layout-constrained wp-block-group-is-layout-constrained\">\n<div class=\"wp-block-columns is-layout-flex wp-container-core-columns-is-layout-28f84493 wp-block-columns-is-layout-flex\">\n<div class=\"wp-block-column is-vertically-aligned-center is-layout-flow wp-block-column-is-layout-flow\" style=\"flex-basis:100%\">\n<figure class=\"wp-block-image alignwide size-full\"><img loading=\"lazy\" decoding=\"async\" width=\"632\" height=\"379\" src=\"https:\/\/home.escuelappadres.com\/wp-content\/uploads\/2025\/12\/gamificado.png\" alt=\"\" class=\"wp-image-2776\" srcset=\"https:\/\/home.escuelappadres.com\/wp-content\/uploads\/2025\/12\/gamificado.png 632w, https:\/\/home.escuelappadres.com\/wp-content\/uploads\/2025\/12\/gamificado-300x180.png 300w\" sizes=\"auto, (max-width: 632px) 100vw, 632px\" \/><\/figure>\n<\/div>\n<\/div>\n<\/div>\n<\/div>\n<\/div>\n<\/div>\n<\/div>\n\n\n\n<div class=\"wp-block-group is-content-justification-center is-nowrap is-layout-flex wp-container-core-group-is-layout-23441af8 wp-block-group-is-layout-flex\">\n<div class=\"wp-block-uagb-container uagb-block-6e1bd7b5 alignfull uagb-is-root-container\"><div class=\"uagb-container-inner-blocks-wrap\">\n<h2 class=\"wp-block-heading\">Cursos por edades.<\/h2>\n\n\n\n<p>Identificamos las etapas de desarrollo del ni\u00f1o y con eso dise\u00f1amos desde un diagn\u00f3stico para comprender su nivel de progreso, y &nbsp;actividades que le ayudan a mejorar sus habilidades en la etapa en la que se ecuentra.<\/p>\n\n\n\n<p>Si requieres m\u00e1s informaci\u00f3n <a href=\"https:\/\/home.escuelappadres.com\/index.php\/contact\/\" data-type=\"page\" data-id=\"1399\">cont\u00e1ctanos<\/a><\/p>\n\n\n\n<p>Si ya eres parte de esta comunidad <a href=\"http:\/\/escuelappadrees.com\">accesa a tu curso<\/a><\/p>\n<\/div><\/div>\n\n\n\n<div class=\"wp-block-uagb-container uagb-block-682535c4 alignfull uagb-is-root-container\"><div class=\"uagb-container-inner-blocks-wrap\">\n<figure class=\"wp-block-image alignfull size-full\"><img loading=\"lazy\" decoding=\"async\" width=\"512\" height=\"512\" src=\"https:\/\/home.escuelappadres.com\/wp-content\/uploads\/2023\/12\/downloadedImage-2.png\" alt=\"\" class=\"wp-image-2656\" srcset=\"https:\/\/home.escuelappadres.com\/wp-content\/uploads\/2023\/12\/downloadedImage-2.png 512w, https:\/\/home.escuelappadres.com\/wp-content\/uploads\/2023\/12\/downloadedImage-2-300x300.png 300w, https:\/\/home.escuelappadres.com\/wp-content\/uploads\/2023\/12\/downloadedImage-2-150x150.png 150w\" sizes=\"auto, (max-width: 512px) 100vw, 512px\" \/><\/figure>\n<\/div><\/div>\n\n\n\n<div class=\"wp-block-uagb-container uagb-block-55778f75 alignfull uagb-is-root-container\"><div class=\"uagb-container-inner-blocks-wrap\">\n<h2 class=\"wp-block-heading\">Material did\u00e1ctico<\/h2>\n\n\n\n<p>Dise\u00f1amos juegos y material adicional que ayudan a la convivencia familiar, independientemente de los cursos, este material est\u00e1 adaptado a diferentes necesidades y lo puedes adquirir por separado a los cursos, ya sea como complemento a los mismo o simplemente para tener una herramienta para ayudar a tu peque\u00f1o a aprender.<\/p>\n\n\n\n<p><\/p>\n\n\n\n<p><\/p>\n<\/div><\/div>\n<\/div>\n","protected":false},"excerpt":{"rendered":"<p>nuestro modelo Dise\u00f1ado para ayudar a los padres a conectar con las habilidades de sus hijos Modelo gamificado Nuestros cursos se dise\u00f1an en un ambiente inmersivo de con una tem\u00e1tica espec\u00edfica adecuada para cada nivel de desarrollo del ni\u00f1o, de esta manera no solo los padres aprenden y conectan con sus hijos, sino que tambi\u00e9n [&hellip;]<\/p>\n","protected":false},"author":1,"featured_media":0,"parent":0,"menu_order":0,"comment_status":"closed","ping_status":"closed","template":"","meta":{"_uag_custom_page_level_css":"","site-sidebar-layout":"no-sidebar","site-content-layout":"page-builder","ast-site-content-layout":"full-width-container","site-content-style":"unboxed","site-sidebar-style":"unboxed","ast-global-header-display":"","ast-banner-title-visibility":"","ast-main-header-display":"","ast-hfb-above-header-display":"","ast-hfb-below-header-display":"","ast-hfb-mobile-header-display":"","site-post-title":"disabled","ast-breadcrumbs-content":"","ast-featured-img":"disabled","footer-sml-layout":"","ast-disable-related-posts":"","theme-transparent-header-meta":"enabled","adv-header-id-meta":"","stick-header-meta":"","header-above-stick-meta":"","header-main-stick-meta":"","header-below-stick-meta":"","astra-migrate-meta-layouts":"set","ast-page-background-enabled":"default","ast-page-background-meta":{"desktop":{"background-color":"var(--ast-global-color-4)","background-image":"","background-repeat":"repeat","background-position":"center center","background-size":"auto","background-attachment":"scroll","background-type":"","background-media":"","overlay-type":"","overlay-color":"","overlay-opacity":"","overlay-gradient":""},"tablet":{"background-color":"","background-image":"","background-repeat":"repeat","background-position":"center center","background-size":"auto","background-attachment":"scroll","background-type":"","background-media":"","overlay-type":"","overlay-color":"","overlay-opacity":"","overlay-gradient":""},"mobile":{"background-color":"","background-image":"","background-repeat":"repeat","background-position":"center center","background-size":"auto","background-attachment":"scroll","background-type":"","background-media":"","overlay-type":"","overlay-color":"","overlay-opacity":"","overlay-gradient":""}},"ast-content-background-meta":{"desktop":{"background-color":"var(--ast-global-color-5)","background-image":"","background-repeat":"repeat","background-position":"center center","background-size":"auto","background-attachment":"scroll","background-type":"","background-media":"","overlay-type":"","overlay-color":"","overlay-opacity":"","overlay-gradient":""},"tablet":{"background-color":"var(--ast-global-color-5)","background-image":"","background-repeat":"repeat","background-position":"center center","background-size":"auto","background-attachment":"scroll","background-type":"","background-media":"","overlay-type":"","overlay-color":"","overlay-opacity":"","overlay-gradient":""},"mobile":{"background-color":"var(--ast-global-color-5)","background-image":"","background-repeat":"repeat","background-position":"center center","background-size":"auto","background-attachment":"scroll","background-type":"","background-media":"","overlay-type":"","overlay-color":"","overlay-opacity":"","overlay-gradient":""}},"footnotes":""},"class_list":["post-1395","page","type-page","status-publish","hentry"],"uagb_featured_image_src":{"full":false,"thumbnail":false,"medium":false,"medium_large":false,"large":false,"1536x1536":false,"2048x2048":false,"woocommerce_thumbnail":false,"woocommerce_single":false,"woocommerce_gallery_thumbnail":false},"uagb_author_info":{"display_name":"admin","author_link":"https:\/\/home.escuelappadres.com\/index.php\/author\/magosa\/"},"uagb_comment_info":0,"uagb_excerpt":"nuestro modelo Dise\u00f1ado para ayudar a los padres a conectar con las habilidades de sus hijos Modelo gamificado Nuestros cursos se dise\u00f1an en un ambiente inmersivo de con una tem\u00e1tica espec\u00edfica adecuada para cada nivel de desarrollo del ni\u00f1o, de esta manera no solo los padres aprenden y conectan con sus hijos, sino que tambi\u00e9n&hellip;","_links":{"self":[{"href":"https:\/\/home.escuelappadres.com\/index.php\/wp-json\/wp\/v2\/pages\/1395","targetHints":{"allow":["GET"]}}],"collection":[{"href":"https:\/\/home.escuelappadres.com\/index.php\/wp-json\/wp\/v2\/pages"}],"about":[{"href":"https:\/\/home.escuelappadres.com\/index.php\/wp-json\/wp\/v2\/types\/page"}],"author":[{"embeddable":true,"href":"https:\/\/home.escuelappadres.com\/index.php\/wp-json\/wp\/v2\/users\/1"}],"replies":[{"embeddable":true,"href":"https:\/\/home.escuelappadres.com\/index.php\/wp-json\/wp\/v2\/comments?post=1395"}],"version-history":[{"count":18,"href":"https:\/\/home.escuelappadres.com\/index.php\/wp-json\/wp\/v2\/pages\/1395\/revisions"}],"predecessor-version":[{"id":2808,"href":"https:\/\/home.escuelappadres.com\/index.php\/wp-json\/wp\/v2\/pages\/1395\/revisions\/2808"}],"wp:attachment":[{"href":"https:\/\/home.escuelappadres.com\/index.php\/wp-json\/wp\/v2\/media?parent=1395"}],"curies":[{"name":"wp","href":"https:\/\/api.w.org\/{rel}","templated":true}]}}