{"id":1397,"date":"2022-04-21T11:29:05","date_gmt":"2022-04-21T11:29:05","guid":{"rendered":"https:\/\/home.escuelappadres.com\/index.php\/admission\/"},"modified":"2025-11-24T23:51:22","modified_gmt":"2025-11-24T23:51:22","slug":"admission","status":"publish","type":"page","link":"https:\/\/home.escuelappadres.com\/index.php\/admission\/","title":{"rendered":"Nuestros servicios"},"content":{"rendered":"\n<div class=\"wp-block-columns is-layout-flex wp-container-core-columns-is-layout-28f84493 wp-block-columns-is-layout-flex\">\n<div class=\"wp-block-column is-layout-flow wp-block-column-is-layout-flow\" style=\"flex-basis:100%\">\n<div class=\"wp-block-group is-vertical is-layout-flex wp-container-core-group-is-layout-fe9cc265 wp-block-group-is-layout-flex\"><\/div>\n<\/div>\n<\/div>\n\n\n\n<div class=\"wp-block-uagb-info-box uagb-block-4bc80c4c uagb-infobox__content-wrap  uagb-infobox-icon-above-title uagb-infobox-image-valign-top\"><div class=\"uagb-ifb-content\"><div class=\"uagb-ifb-title-wrap\"><span class=\"uagb-ifb-title-prefix\">servicios<\/span><h1 class=\"uagb-ifb-title\">Nuestros cursos<\/h1><\/div><p class=\"uagb-ifb-desc\">Est\u00e1n enfocados en la edad de tu hijo, as\u00ed nos adaptamos a su nivel de desarrollo, llevando un proceso de aprendizaje en cuatro \u00e1reas de desarrollo: la mental, la corporal, la emocional y la de conexiones con su entorno. Todo esto bajo el modelo de educativo por competencias. <\/p><\/div><\/div>\n\n\n\n<div class=\"wp-block-uagb-container uagb-block-14c937e2 alignfull uagb-is-root-container\"><div class=\"uagb-container-inner-blocks-wrap\">\n<div class=\"wp-block-uagb-advanced-heading uagb-block-921851e4\"><h6 class=\"uagb-heading-text\">nuestro proceso de aprendizaje<\/h6><\/div>\n\n\n\n<div class=\"wp-block-uagb-container uagb-block-bbf8540e\">\n<div class=\"wp-block-uagb-container uagb-block-fc6e001f\">\n<div class=\"wp-block-uagb-advanced-heading uagb-block-3c5fce78\"><h2 class=\"uagb-heading-text\">01<\/h2><\/div>\n\n\n\n<div class=\"wp-block-uagb-info-box uagb-block-4dc14977 uagb-infobox__content-wrap  uagb-infobox-icon-above-title uagb-infobox-image-valign-top\"><div class=\"uagb-ifb-content\"><div class=\"uagb-ifb-title-wrap\"><h5 class=\"uagb-ifb-title\">Diagn\u00f3stico<\/h5><\/div><p class=\"uagb-ifb-desc\">Para cada \u00e1rea de desarrollo realizamos un diagn\u00f3stico para que conozcas el nivel en que se encuentra tu ni\u00f1o y tener una perspectiva espec\u00edfica de sus habilidades.<\/p><\/div><\/div>\n<\/div>\n\n\n\n<div class=\"wp-block-uagb-container uagb-block-d1df0bec\">\n<div class=\"wp-block-uagb-advanced-heading uagb-block-27ba314e\"><h2 class=\"uagb-heading-text\">02<\/h2><\/div>\n\n\n\n<div class=\"wp-block-uagb-info-box uagb-block-d489709a uagb-infobox__content-wrap  uagb-infobox-icon-above-title uagb-infobox-image-valign-top\"><div class=\"uagb-ifb-content\"><div class=\"uagb-ifb-title-wrap\"><h5 class=\"uagb-ifb-title\">Conocimientos<\/h5><\/div><p class=\"uagb-ifb-desc\">A trav\u00e9s de breves videos explicativos de cada una de las \u00e1reas de desarrollo y de los enfoques de la mismas que se abordar\u00e1n en el curso.<\/p><\/div><\/div>\n<\/div>\n\n\n\n<div class=\"wp-block-uagb-container uagb-block-00c0436a\">\n<div class=\"wp-block-uagb-advanced-heading uagb-block-896cc331\"><h2 class=\"uagb-heading-text\">03<\/h2><\/div>\n\n\n\n<div class=\"wp-block-uagb-info-box uagb-block-5c7a624b uagb-infobox__content-wrap  uagb-infobox-icon-above-title uagb-infobox-image-valign-top\"><div class=\"uagb-ifb-content\"><div class=\"uagb-ifb-title-wrap\"><h5 class=\"uagb-ifb-title\">Retos<\/h5><\/div><p class=\"uagb-ifb-desc\">Actividades a realizar con tu ni\u00f1o para mejoar sus habilidades en cada una de las \u00e1reas. Es llevar al d\u00eda a d\u00eda los conocimientos adquiridos.<\/p><\/div><\/div>\n<\/div>\n\n\n\n<div class=\"wp-block-uagb-container uagb-block-daf01849\">\n<div class=\"wp-block-uagb-advanced-heading uagb-block-374a755d\"><h2 class=\"uagb-heading-text\">04<\/h2><\/div>\n\n\n\n<div class=\"wp-block-uagb-info-box uagb-block-a8354b04 uagb-infobox__content-wrap  uagb-infobox-icon-above-title uagb-infobox-image-valign-top\"><div class=\"uagb-ifb-content\"><div class=\"uagb-ifb-title-wrap\"><h5 class=\"uagb-ifb-title\">Reflexi\u00f3n<\/h5><\/div><p class=\"uagb-ifb-desc\">A trav\u00e9s de foros y peque\u00f1as encuestas se invita a los padres a reflexionar sobre lo aprendido y los retos llevados a cabo.<\/p><\/div><\/div>\n<\/div>\n<\/div>\n<\/div><\/div>\n\n\n\n<div class=\"wp-block-uagb-container uagb-block-b232c3a0 alignfull uagb-is-root-container\"><div class=\"uagb-container-inner-blocks-wrap\">\n<div class=\"wp-block-uagb-container uagb-block-bf9a3c91\">\n<figure class=\"wp-block-image size-full\"><img loading=\"lazy\" decoding=\"async\" width=\"512\" height=\"512\" src=\"https:\/\/home.escuelappadres.com\/wp-content\/uploads\/2024\/01\/downloadedImage.png\" alt=\"\" class=\"wp-image-2671\" srcset=\"https:\/\/home.escuelappadres.com\/wp-content\/uploads\/2024\/01\/downloadedImage.png 512w, https:\/\/home.escuelappadres.com\/wp-content\/uploads\/2024\/01\/downloadedImage-300x300.png 300w, https:\/\/home.escuelappadres.com\/wp-content\/uploads\/2024\/01\/downloadedImage-150x150.png 150w\" sizes=\"auto, (max-width: 512px) 100vw, 512px\" \/><\/figure>\n<\/div>\n\n\n\n<div class=\"wp-block-uagb-container uagb-block-e6b4ab2e\">\n<div class=\"wp-block-uagb-image uagb-block-6c1b4780 wp-block-uagb-image--layout-default wp-block-uagb-image--effect-static wp-block-uagb-image--align-none\"><figure class=\"wp-block-uagb-image__figure\"><img decoding=\"async\" srcset=\"https:\/\/home.escuelappadres.com\/wp-content\/uploads\/2024\/01\/downloadedImage-1-1.png ,https:\/\/home.escuelappadres.com\/wp-content\/uploads\/2024\/01\/downloadedImage-1-1.png 780w, https:\/\/home.escuelappadres.com\/wp-content\/uploads\/2024\/01\/downloadedImage-1-1.png 360w\" sizes=\"auto, (max-width: 480px) 150px\" src=\"https:\/\/home.escuelappadres.com\/wp-content\/uploads\/2024\/01\/downloadedImage-1-1.png\" alt=\"\" class=\"uag-image-2673\" width=\"620\" height=\"456\" title=\"\" loading=\"lazy\" role=\"img\"\/><\/figure><\/div>\n<\/div>\n<\/div><\/div>\n\n\n\n<div class=\"wp-block-uagb-advanced-heading uagb-block-09763b11\"><h2 class=\"uagb-heading-text\"><mark class=\"uagb-highlight\">Mentores de h\u00e9roes <\/mark><\/h2><\/div>\n\n\n\n<div class=\"wp-block-uagb-container uagb-block-696eca61 alignfull uagb-is-root-container\"><div class=\"uagb-container-inner-blocks-wrap\">\n<div class=\"wp-block-uagb-container uagb-block-2d2c5ed8\">\n<div class=\"wp-block-group is-layout-constrained wp-block-group-is-layout-constrained\">\n<p><a href=\"http:\/\/escuelappadres.com\">De 3 a 4 a\u00f1os<\/a><\/p>\n<\/div>\n<\/div>\n\n\n\n<div class=\"wp-block-uagb-container uagb-block-607079ba\">\n<div class=\"wp-block-uagb-buttons uagb-buttons__outer-wrap uagb-btn__default-btn uagb-btn-tablet__default-btn uagb-btn-mobile__default-btn uagb-block-0248a995\"><div class=\"uagb-buttons__wrap uagb-buttons-layout-wrap \">\n<div class=\"wp-block-uagb-buttons-child uagb-buttons__outer-wrap uagb-block-f2d71949 wp-block-button\"><div class=\"uagb-button__wrapper\"><a class=\"uagb-buttons-repeater wp-block-button__link\" aria-label=\"\" href=\"#\" rel=\"follow noopener\" target=\"_self\" role=\"button\"><div class=\"uagb-button__link\">De 4 a 5 a\u00f1os<\/div><\/a><\/div><\/div>\n<\/div><\/div>\n<\/div>\n\n\n\n<div class=\"wp-block-uagb-container uagb-block-2f847d73\">\n<div class=\"wp-block-uagb-buttons uagb-buttons__outer-wrap uagb-btn__default-btn uagb-btn-tablet__default-btn uagb-btn-mobile__default-btn uagb-block-00c37614\"><div class=\"uagb-buttons__wrap uagb-buttons-layout-wrap \">\n<div class=\"wp-block-uagb-buttons-child uagb-buttons__outer-wrap uagb-block-dc8d173f wp-block-button\"><div class=\"uagb-button__wrapper\"><a class=\"uagb-buttons-repeater wp-block-button__link\" aria-label=\"\" href=\"#\" rel=\"follow noopener\" target=\"_self\" role=\"button\"><div class=\"uagb-button__link\">De 5 a 6 a\u00f1os<\/div><\/a><\/div><\/div>\n<\/div><\/div>\n<\/div>\n\n\n\n<div class=\"wp-block-columns is-layout-flex wp-container-core-columns-is-layout-28f84493 wp-block-columns-is-layout-flex\">\n<div class=\"wp-block-column is-layout-flow wp-block-column-is-layout-flow\">\n<div class=\"wp-block-columns is-layout-flex wp-container-core-columns-is-layout-28f84493 wp-block-columns-is-layout-flex\">\n<div class=\"wp-block-column is-layout-flow wp-block-column-is-layout-flow\">\n<p>                             Primero de preescolar<\/p>\n<\/div>\n\n\n\n<div class=\"wp-block-column is-layout-flow wp-block-column-is-layout-flow\">\n<p>                      Segundo de preescolar<\/p>\n<\/div>\n\n\n\n<div class=\"wp-block-column is-layout-flow wp-block-column-is-layout-flow\">\n<p>             Tercero de preescolar<\/p>\n<\/div>\n<\/div>\n<\/div>\n<\/div>\n<\/div><\/div>\n\n\n\n<div class=\"wp-block-uagb-container uagb-block-def324c1 alignfull uagb-is-root-container\"><div class=\"uagb-container-inner-blocks-wrap\">\n<div class=\"wp-block-uagb-container uagb-block-9e009800\">\n<div class=\"wp-block-uagb-buttons uagb-buttons__outer-wrap uagb-btn__default-btn uagb-btn-tablet__default-btn uagb-btn-mobile__default-btn uagb-block-792de501\"><div class=\"uagb-buttons__wrap uagb-buttons-layout-wrap \">\n<div class=\"wp-block-uagb-buttons-child uagb-buttons__outer-wrap uagb-block-b30c1eec wp-block-button\"><div class=\"uagb-button__wrapper\"><a class=\"uagb-buttons-repeater wp-block-button__link\" aria-label=\"\" href=\"#\" rel=\"follow noopener\" target=\"_self\" role=\"button\"><div class=\"uagb-button__link\">De 6 a 7 a\u00f1os<\/div><\/a><\/div><\/div>\n<\/div><\/div>\n<\/div>\n\n\n\n<div class=\"wp-block-uagb-container uagb-block-51290269\">\n<div class=\"wp-block-uagb-buttons uagb-buttons__outer-wrap uagb-btn__default-btn uagb-btn-tablet__default-btn uagb-btn-mobile__default-btn uagb-block-31f86b2a\"><div class=\"uagb-buttons__wrap uagb-buttons-layout-wrap \">\n<div class=\"wp-block-uagb-buttons-child uagb-buttons__outer-wrap uagb-block-305d1631 wp-block-button\"><div class=\"uagb-button__wrapper\"><a class=\"uagb-buttons-repeater wp-block-button__link\" aria-label=\"\" href=\"#\" rel=\"follow noopener\" target=\"_self\" role=\"button\"><div class=\"uagb-button__link\">De 7 a 8 a\u00f1os<\/div><\/a><\/div><\/div>\n<\/div><\/div>\n<\/div>\n\n\n\n<div class=\"wp-block-uagb-container uagb-block-364d6ccc\">\n<div class=\"wp-block-uagb-buttons uagb-buttons__outer-wrap uagb-btn__default-btn uagb-btn-tablet__default-btn uagb-btn-mobile__default-btn uagb-block-3279421b\"><div class=\"uagb-buttons__wrap uagb-buttons-layout-wrap \">\n<div class=\"wp-block-uagb-buttons-child uagb-buttons__outer-wrap uagb-block-3d81cd6e wp-block-button\"><div class=\"uagb-button__wrapper\"><a class=\"uagb-buttons-repeater wp-block-button__link\" aria-label=\"\" href=\"#\" rel=\"follow noopener\" target=\"_self\" role=\"button\"><div class=\"uagb-button__link\">De 8 a 9 a\u00f1os<\/div><\/a><\/div><\/div>\n<\/div><\/div>\n<\/div>\n\n\n\n<div class=\"wp-block-uagb-container uagb-block-15945722\">\n<p>                  Primero de primaria<\/p>\n<\/div>\n\n\n\n<div class=\"wp-block-uagb-container uagb-block-8150f392\">\n<p>                   Segundo de primara<\/p>\n<\/div>\n\n\n\n<div class=\"wp-block-uagb-container uagb-block-9f1562cb\">\n<p>                     Tercero de primaria<\/p>\n<\/div>\n<\/div><\/div>\n","protected":false},"excerpt":{"rendered":"<p>nuestro proceso de aprendizaje 01 02 03 04 Mentores de h\u00e9roes De 3 a 4 a\u00f1os Primero de preescolar Segundo de preescolar Tercero de preescolar Primero de primaria Segundo de primara Tercero de primaria<\/p>\n","protected":false},"author":1,"featured_media":0,"parent":0,"menu_order":0,"comment_status":"closed","ping_status":"closed","template":"","meta":{"_uag_custom_page_level_css":"","site-sidebar-layout":"no-sidebar","site-content-layout":"page-builder","ast-site-content-layout":"full-width-container","site-content-style":"unboxed","site-sidebar-style":"unboxed","ast-global-header-display":"","ast-banner-title-visibility":"","ast-main-header-display":"","ast-hfb-above-header-display":"","ast-hfb-below-header-display":"","ast-hfb-mobile-header-display":"","site-post-title":"disabled","ast-breadcrumbs-content":"","ast-featured-img":"disabled","footer-sml-layout":"","ast-disable-related-posts":"","theme-transparent-header-meta":"enabled","adv-header-id-meta":"","stick-header-meta":"","header-above-stick-meta":"","header-main-stick-meta":"","header-below-stick-meta":"","astra-migrate-meta-layouts":"set","ast-page-background-enabled":"default","ast-page-background-meta":{"desktop":{"background-color":"var(--ast-global-color-4)","background-image":"","background-repeat":"repeat","background-position":"center center","background-size":"auto","background-attachment":"scroll","background-type":"","background-media":"","overlay-type":"","overlay-color":"","overlay-opacity":"","overlay-gradient":""},"tablet":{"background-color":"","background-image":"","background-repeat":"repeat","background-position":"center center","background-size":"auto","background-attachment":"scroll","background-type":"","background-media":"","overlay-type":"","overlay-color":"","overlay-opacity":"","overlay-gradient":""},"mobile":{"background-color":"","background-image":"","background-repeat":"repeat","background-position":"center center","background-size":"auto","background-attachment":"scroll","background-type":"","background-media":"","overlay-type":"","overlay-color":"","overlay-opacity":"","overlay-gradient":""}},"ast-content-background-meta":{"desktop":{"background-color":"var(--ast-global-color-5)","background-image":"","background-repeat":"repeat","background-position":"center center","background-size":"auto","background-attachment":"scroll","background-type":"","background-media":"","overlay-type":"","overlay-color":"","overlay-opacity":"","overlay-gradient":""},"tablet":{"background-color":"var(--ast-global-color-5)","background-image":"","background-repeat":"repeat","background-position":"center center","background-size":"auto","background-attachment":"scroll","background-type":"","background-media":"","overlay-type":"","overlay-color":"","overlay-opacity":"","overlay-gradient":""},"mobile":{"background-color":"var(--ast-global-color-5)","background-image":"","background-repeat":"repeat","background-position":"center center","background-size":"auto","background-attachment":"scroll","background-type":"","background-media":"","overlay-type":"","overlay-color":"","overlay-opacity":"","overlay-gradient":""}},"footnotes":""},"class_list":["post-1397","page","type-page","status-publish","hentry"],"uagb_featured_image_src":{"full":false,"thumbnail":false,"medium":false,"medium_large":false,"large":false,"1536x1536":false,"2048x2048":false,"woocommerce_thumbnail":false,"woocommerce_single":false,"woocommerce_gallery_thumbnail":false},"uagb_author_info":{"display_name":"admin","author_link":"https:\/\/home.escuelappadres.com\/index.php\/author\/magosa\/"},"uagb_comment_info":0,"uagb_excerpt":"nuestro proceso de aprendizaje 01 02 03 04 Mentores de h\u00e9roes De 3 a 4 a\u00f1os Primero de preescolar Segundo de preescolar Tercero de preescolar Primero de primaria Segundo de primara Tercero de primaria","_links":{"self":[{"href":"https:\/\/home.escuelappadres.com\/index.php\/wp-json\/wp\/v2\/pages\/1397","targetHints":{"allow":["GET"]}}],"collection":[{"href":"https:\/\/home.escuelappadres.com\/index.php\/wp-json\/wp\/v2\/pages"}],"about":[{"href":"https:\/\/home.escuelappadres.com\/index.php\/wp-json\/wp\/v2\/types\/page"}],"author":[{"embeddable":true,"href":"https:\/\/home.escuelappadres.com\/index.php\/wp-json\/wp\/v2\/users\/1"}],"replies":[{"embeddable":true,"href":"https:\/\/home.escuelappadres.com\/index.php\/wp-json\/wp\/v2\/comments?post=1397"}],"version-history":[{"count":12,"href":"https:\/\/home.escuelappadres.com\/index.php\/wp-json\/wp\/v2\/pages\/1397\/revisions"}],"predecessor-version":[{"id":2770,"href":"https:\/\/home.escuelappadres.com\/index.php\/wp-json\/wp\/v2\/pages\/1397\/revisions\/2770"}],"wp:attachment":[{"href":"https:\/\/home.escuelappadres.com\/index.php\/wp-json\/wp\/v2\/media?parent=1397"}],"curies":[{"name":"wp","href":"https:\/\/api.w.org\/{rel}","templated":true}]}}